{"id":13368,"date":"2019-09-12T07:28:33","date_gmt":"2019-09-12T07:28:33","guid":{"rendered":"https:\/\/eea-security.com\/lab-externe-a-faible-absorption\/"},"modified":"2023-10-25T14:58:49","modified_gmt":"2023-10-25T14:58:49","slug":"lab-externe-a-faible-absorption","status":"publish","type":"page","link":"https:\/\/eea-security.com\/fr\/lab-externe-a-faible-absorption\/","title":{"rendered":"LAB externe \u00e0 faible absorption"},"content":{"rendered":"\t\t<div data-elementor-type=\"wp-post\" data-elementor-id=\"13368\" class=\"elementor elementor-13368 elementor-761\" data-elementor-settings=\"{&quot;element_pack_global_tooltip_width&quot;:{&quot;unit&quot;:&quot;px&quot;,&quot;size&quot;:&quot;&quot;,&quot;sizes&quot;:[]},&quot;element_pack_global_tooltip_width_tablet&quot;:{&quot;unit&quot;:&quot;px&quot;,&quot;size&quot;:&quot;&quot;,&quot;sizes&quot;:[]},&quot;element_pack_global_tooltip_width_mobile&quot;:{&quot;unit&quot;:&quot;px&quot;,&quot;size&quot;:&quot;&quot;,&quot;sizes&quot;:[]},&quot;element_pack_global_tooltip_padding&quot;:{&quot;unit&quot;:&quot;px&quot;,&quot;top&quot;:&quot;&quot;,&quot;right&quot;:&quot;&quot;,&quot;bottom&quot;:&quot;&quot;,&quot;left&quot;:&quot;&quot;,&quot;isLinked&quot;:true},&quot;element_pack_global_tooltip_padding_tablet&quot;:{&quot;unit&quot;:&quot;px&quot;,&quot;top&quot;:&quot;&quot;,&quot;right&quot;:&quot;&quot;,&quot;bottom&quot;:&quot;&quot;,&quot;left&quot;:&quot;&quot;,&quot;isLinked&quot;:true},&quot;element_pack_global_tooltip_padding_mobile&quot;:{&quot;unit&quot;:&quot;px&quot;,&quot;top&quot;:&quot;&quot;,&quot;right&quot;:&quot;&quot;,&quot;bottom&quot;:&quot;&quot;,&quot;left&quot;:&quot;&quot;,&quot;isLinked&quot;:true},&quot;element_pack_global_tooltip_border_radius&quot;:{&quot;unit&quot;:&quot;px&quot;,&quot;top&quot;:&quot;&quot;,&quot;right&quot;:&quot;&quot;,&quot;bottom&quot;:&quot;&quot;,&quot;left&quot;:&quot;&quot;,&quot;isLinked&quot;:true},&quot;element_pack_global_tooltip_border_radius_tablet&quot;:{&quot;unit&quot;:&quot;px&quot;,&quot;top&quot;:&quot;&quot;,&quot;right&quot;:&quot;&quot;,&quot;bottom&quot;:&quot;&quot;,&quot;left&quot;:&quot;&quot;,&quot;isLinked&quot;:true},&quot;element_pack_global_tooltip_border_radius_mobile&quot;:{&quot;unit&quot;:&quot;px&quot;,&quot;top&quot;:&quot;&quot;,&quot;right&quot;:&quot;&quot;,&quot;bottom&quot;:&quot;&quot;,&quot;left&quot;:&quot;&quot;,&quot;isLinked&quot;:true}}\" data-elementor-post-type=\"page\">\n\t\t\t\t\t\t<section class=\"elementor-section elementor-top-section elementor-element elementor-element-5590740 elementor-section-full_width elementor-section-height-default elementor-section-height-default\" data-id=\"5590740\" data-element_type=\"section\" data-e-type=\"section\" data-settings=\"{&quot;_ob_glider_is_slider&quot;:&quot;no&quot;}\">\n\t\t\t\t\t\t<div class=\"elementor-container elementor-column-gap-default\">\n\t\t\t\t\t<div class=\"elementor-column elementor-col-33 elementor-top-column elementor-element elementor-element-fd5630f\" data-id=\"fd5630f\" data-element_type=\"column\" data-e-type=\"column\" data-settings=\"{&quot;_ob_column_hoveranimator&quot;:&quot;no&quot;,&quot;_ob_column_has_pseudo&quot;:&quot;no&quot;}\">\n\t\t\t<div class=\"elementor-widget-wrap\">\n\t\t\t\t\t\t\t<\/div>\n\t\t<\/div>\n\t\t\t\t<div class=\"elementor-column elementor-col-33 elementor-top-column elementor-element elementor-element-63f98f9\" data-id=\"63f98f9\" data-element_type=\"column\" data-e-type=\"column\" data-settings=\"{&quot;_ob_column_hoveranimator&quot;:&quot;no&quot;,&quot;_ob_column_has_pseudo&quot;:&quot;no&quot;}\">\n\t\t\t<div class=\"elementor-widget-wrap elementor-element-populated\">\n\t\t\t\t\t\t<div class=\"elementor-element elementor-element-b097c45 ob-has-background-overlay elementor-widget elementor-widget-bdt-advanced-heading\" data-id=\"b097c45\" data-element_type=\"widget\" data-e-type=\"widget\" data-settings=\"{&quot;_ob_widget_stalker_use&quot;:&quot;no&quot;,&quot;_ob_poopart_use&quot;:&quot;yes&quot;,&quot;_ob_shadough_use&quot;:&quot;no&quot;,&quot;_ob_allow_hoveranimator&quot;:&quot;no&quot;}\" data-widget_type=\"bdt-advanced-heading.default\">\n\t\t\t\t<div class=\"elementor-widget-container\">\n\t\t\t\t\t<div id=\"b097c45\" class=\"bdt-ep-advanced-heading\" data-settings=\"{&quot;titleMultiColor&quot;:&quot;no&quot;}\"><div class=\"bdt-ep-advanced-heading-content bdt-visible@m\"><div class=\"bdt-transform-origin-top-left\">Sensori antifurto<\/div><\/div><h1 class=\"bdt-ep-advanced-heading-title\"><span class=\"bdt-ep-advanced-heading-main-title\"><span class=\"bdt-ep-advanced-heading-main-title-inner\">LAB externe \u00e0 faible absorption<\/span><\/span><\/h1><\/div>\t\t\t\t<\/div>\n\t\t\t\t<\/div>\n\t\t\t\t\t<\/div>\n\t\t<\/div>\n\t\t\t\t<div class=\"elementor-column elementor-col-33 elementor-top-column elementor-element elementor-element-3c78e5d\" data-id=\"3c78e5d\" data-element_type=\"column\" data-e-type=\"column\" data-settings=\"{&quot;_ob_column_hoveranimator&quot;:&quot;no&quot;,&quot;_ob_column_has_pseudo&quot;:&quot;no&quot;}\">\n\t\t\t<div class=\"elementor-widget-wrap\">\n\t\t\t\t\t\t\t<\/div>\n\t\t<\/div>\n\t\t\t\t\t<\/div>\n\t\t<\/section>\n\t\t\t\t<section class=\"elementor-section elementor-top-section elementor-element elementor-element-85a5f06 elementor-section-boxed elementor-section-height-default elementor-section-height-default\" data-id=\"85a5f06\" data-element_type=\"section\" data-e-type=\"section\" data-settings=\"{&quot;background_background&quot;:&quot;classic&quot;,&quot;_ob_glider_is_slider&quot;:&quot;no&quot;}\">\n\t\t\t\t\t\t<div class=\"elementor-container elementor-column-gap-default\">\n\t\t\t\t\t<div class=\"elementor-column elementor-col-33 elementor-top-column elementor-element elementor-element-c279439\" data-id=\"c279439\" data-element_type=\"column\" data-e-type=\"column\" data-settings=\"{&quot;_ob_column_hoveranimator&quot;:&quot;no&quot;,&quot;_ob_column_has_pseudo&quot;:&quot;no&quot;}\">\n\t\t\t<div class=\"elementor-widget-wrap\">\n\t\t\t\t\t\t\t<\/div>\n\t\t<\/div>\n\t\t\t\t<div class=\"elementor-column elementor-col-33 elementor-top-column elementor-element elementor-element-664e8a4\" data-id=\"664e8a4\" data-element_type=\"column\" data-e-type=\"column\" data-settings=\"{&quot;background_background&quot;:&quot;classic&quot;,&quot;_ob_column_hoveranimator&quot;:&quot;no&quot;,&quot;_ob_column_has_pseudo&quot;:&quot;no&quot;}\">\n\t\t\t<div class=\"elementor-widget-wrap\">\n\t\t\t\t\t\t\t<\/div>\n\t\t<\/div>\n\t\t\t\t<div class=\"elementor-column elementor-col-33 elementor-top-column elementor-element elementor-element-e064dc0\" data-id=\"e064dc0\" data-element_type=\"column\" data-e-type=\"column\" data-settings=\"{&quot;_ob_column_hoveranimator&quot;:&quot;no&quot;,&quot;_ob_column_has_pseudo&quot;:&quot;no&quot;}\">\n\t\t\t<div class=\"elementor-widget-wrap\">\n\t\t\t\t\t\t\t<\/div>\n\t\t<\/div>\n\t\t\t\t\t<\/div>\n\t\t<\/section>\n\t\t\t\t<section class=\"elementor-section elementor-top-section elementor-element elementor-element-e8327e7 elementor-section-content-bottom elementor-section-boxed elementor-section-height-default elementor-section-height-default\" data-id=\"e8327e7\" data-element_type=\"section\" data-e-type=\"section\" data-settings=\"{&quot;_ob_glider_is_slider&quot;:&quot;no&quot;}\">\n\t\t\t\t\t\t<div class=\"elementor-container elementor-column-gap-wide\">\n\t\t\t\t\t<div class=\"elementor-column elementor-col-50 elementor-top-column elementor-element elementor-element-d8a031b\" data-id=\"d8a031b\" data-element_type=\"column\" data-e-type=\"column\" data-settings=\"{&quot;_ob_column_hoveranimator&quot;:&quot;no&quot;,&quot;_ob_column_has_pseudo&quot;:&quot;no&quot;}\">\n\t\t\t<div class=\"elementor-widget-wrap elementor-element-populated\">\n\t\t\t\t\t\t<div class=\"elementor-element elementor-element-fac36f9 ob-has-background-overlay elementor-widget elementor-widget-image\" data-id=\"fac36f9\" data-element_type=\"widget\" data-e-type=\"widget\" data-settings=\"{&quot;_ob_photomorph_use&quot;:&quot;no&quot;,&quot;_ob_widget_stalker_use&quot;:&quot;no&quot;,&quot;_ob_poopart_use&quot;:&quot;yes&quot;,&quot;_ob_shadough_use&quot;:&quot;no&quot;,&quot;_ob_allow_hoveranimator&quot;:&quot;no&quot;}\" data-widget_type=\"image.default\">\n\t\t\t\t<div class=\"elementor-widget-container\">\n\t\t\t\t\t\t\t\t\t\t\t\t\t\t\t\t<a href=\"https:\/\/eea-security.com\/wp-content\/uploads\/2022\/03\/velvet-lab-line-2.jpg\" data-elementor-open-lightbox=\"yes\" data-elementor-lightbox-title=\"FACTORY LAB FULL\" data-e-action-hash=\"#elementor-action%3Aaction%3Dlightbox%26settings%3DeyJpZCI6IjEzMjQ0IiwidXJsIjoiaHR0cHM6XC9cL2VlYS1zZWN1cml0eS5jb21cL3dwLWNvbnRlbnRcL3VwbG9hZHNcLzIwMjJcLzAzXC92ZWx2ZXQtbGFiLWxpbmUtMi5qcGcifQ%3D%3D\">\n\t\t\t\t\t\t\t<img fetchpriority=\"high\" decoding=\"async\" width=\"1007\" height=\"939\" src=\"https:\/\/eea-security.com\/wp-content\/uploads\/2022\/03\/velvet-lab-line-2.jpg\" class=\"attachment-full size-full wp-image-13244\" alt=\"\" srcset=\"https:\/\/eea-security.com\/wp-content\/uploads\/2022\/03\/velvet-lab-line-2.jpg 1007w, https:\/\/eea-security.com\/wp-content\/uploads\/2022\/03\/velvet-lab-line-2-300x280.jpg 300w, https:\/\/eea-security.com\/wp-content\/uploads\/2022\/03\/velvet-lab-line-2-768x716.jpg 768w\" sizes=\"(max-width: 1007px) 100vw, 1007px\" \/>\t\t\t\t\t\t\t\t<\/a>\n\t\t\t\t\t\t\t\t\t\t\t\t\t\t\t<\/div>\n\t\t\t\t<\/div>\n\t\t\t\t<div class=\"elementor-element elementor-element-2fe4c41 ob-harakiri-inherit ob-has-background-overlay elementor-widget elementor-widget-text-editor\" data-id=\"2fe4c41\" data-element_type=\"widget\" data-e-type=\"widget\" data-settings=\"{&quot;_ob_use_harakiri&quot;:&quot;yes&quot;,&quot;_ob_harakiri_writing_mode&quot;:&quot;inherit&quot;,&quot;_ob_postman_use&quot;:&quot;no&quot;,&quot;_ob_widget_stalker_use&quot;:&quot;no&quot;,&quot;_ob_poopart_use&quot;:&quot;yes&quot;,&quot;_ob_shadough_use&quot;:&quot;no&quot;,&quot;_ob_allow_hoveranimator&quot;:&quot;no&quot;}\" data-widget_type=\"text-editor.default\">\n\t\t\t\t<div class=\"elementor-widget-container\">\n\t\t\t\t\t\t\t\t\t\n<h2><strong>VELVET LAB<\/strong><\/h2>\n<span style=\"font-weight: 400\">Les Velvet dt Lab sont des d\u00e9tecteurs \u00e0 rideau ext\u00e9rieurs \u00e0 double technologie \u00e0 faible absorption pour les syst\u00e8mes radio.<\/span>\t\t\t\t\t\t\t\t<\/div>\n\t\t\t\t<\/div>\n\t\t\t\t<div class=\"elementor-element elementor-element-65212f6 ob-has-background-overlay elementor-widget elementor-widget-bdt-dual-button\" data-id=\"65212f6\" data-element_type=\"widget\" data-e-type=\"widget\" data-settings=\"{&quot;_ob_widget_stalker_use&quot;:&quot;no&quot;,&quot;_ob_poopart_use&quot;:&quot;yes&quot;,&quot;_ob_shadough_use&quot;:&quot;no&quot;,&quot;_ob_allow_hoveranimator&quot;:&quot;no&quot;}\" data-widget_type=\"bdt-dual-button.default\">\n\t\t\t\t<div class=\"elementor-widget-container\">\n\t\t\t\t\t\t\t<div class=\"bdt-element-align-wrapper bdt-flex\">\n\t\t\t<div class=\"bdt-dual-button bdt-ep-button-wrapper bdt-element\">\n\t\t\t\t<a href=\"https:\/\/eea-security.com\/fr\/lab-line\/\" class=\"bdt-btn-a bdt-ep-button bdt-effect-a bdt-ep-button-size-sm\">\n\t\t\t\t\t\t\t<div class=\"bdt-btn-content-wrap  \" data-text=\"Information\">\n\t\t\t\t\t\t<div class=\"bdt-btn-text\">Information<\/div>\n\t\t<\/div>\n\t\t\t\t\t\t<\/a>\n\n\t\t\t\t\n\t\t\t\t<a href=\"https:\/\/eea-security.com\/wp-content\/uploads\/2023\/10\/Depliant_Velvet-V20102023.pdf\" target=\"_blank\" class=\"bdt-btn-b bdt-ep-button bdt-effect-a bdt-ep-button-size-sm\">\n\t\t\t\t\t\t\t<div class=\"bdt-btn-content-wrap  \" data-text=\"BROCHURES\">\n\t\t\t\t\t\t<div class=\"bdt-btn-text\">BROCHURES<\/div>\n\t\t<\/div>\n\t\t\t\t\t\t<\/a>\n\t\t\t<\/div>\n\t\t<\/div>\n\t\t\t\t\t\t<\/div>\n\t\t\t\t<\/div>\n\t\t\t\t\t<\/div>\n\t\t<\/div>\n\t\t\t\t<div class=\"elementor-column elementor-col-50 elementor-top-column elementor-element elementor-element-0f47ce8\" data-id=\"0f47ce8\" data-element_type=\"column\" data-e-type=\"column\" data-settings=\"{&quot;background_background&quot;:&quot;classic&quot;,&quot;_ob_column_hoveranimator&quot;:&quot;no&quot;,&quot;_ob_column_has_pseudo&quot;:&quot;no&quot;}\">\n\t\t\t<div class=\"elementor-widget-wrap elementor-element-populated\">\n\t\t\t\t\t\t<div class=\"elementor-element elementor-element-e74fb51 ob-has-background-overlay elementor-widget elementor-widget-image\" data-id=\"e74fb51\" data-element_type=\"widget\" data-e-type=\"widget\" data-settings=\"{&quot;_ob_photomorph_use&quot;:&quot;no&quot;,&quot;_ob_widget_stalker_use&quot;:&quot;no&quot;,&quot;_ob_poopart_use&quot;:&quot;yes&quot;,&quot;_ob_shadough_use&quot;:&quot;no&quot;,&quot;_ob_allow_hoveranimator&quot;:&quot;no&quot;}\" data-widget_type=\"image.default\">\n\t\t\t\t<div class=\"elementor-widget-container\">\n\t\t\t\t\t\t\t\t\t\t\t\t\t\t\t\t<a href=\"https:\/\/eea-security.com\/wp-content\/uploads\/2022\/02\/Centrum-a-livelli-con-staffa-1-scaled.jpg\" data-elementor-open-lightbox=\"yes\" data-elementor-lightbox-title=\"Centrum a livelli con staffa\" data-e-action-hash=\"#elementor-action%3Aaction%3Dlightbox%26settings%3DeyJpZCI6IjEzMTY0IiwidXJsIjoiaHR0cHM6XC9cL2VlYS1zZWN1cml0eS5jb21cL3dwLWNvbnRlbnRcL3VwbG9hZHNcLzIwMjJcLzAyXC9DZW50cnVtLWEtbGl2ZWxsaS1jb24tc3RhZmZhLTEtc2NhbGVkLmpwZyJ9\">\n\t\t\t\t\t\t\t<img decoding=\"async\" width=\"513\" height=\"1024\" src=\"https:\/\/eea-security.com\/wp-content\/uploads\/2022\/02\/Centrum-a-livelli-con-staffa-1-513x1024.jpg\" class=\"attachment-large size-large wp-image-13164\" alt=\"\" srcset=\"https:\/\/eea-security.com\/wp-content\/uploads\/2022\/02\/Centrum-a-livelli-con-staffa-1-513x1024.jpg 513w, https:\/\/eea-security.com\/wp-content\/uploads\/2022\/02\/Centrum-a-livelli-con-staffa-1-150x300.jpg 150w, https:\/\/eea-security.com\/wp-content\/uploads\/2022\/02\/Centrum-a-livelli-con-staffa-1-768x1533.jpg 768w, https:\/\/eea-security.com\/wp-content\/uploads\/2022\/02\/Centrum-a-livelli-con-staffa-1-770x1536.jpg 770w, https:\/\/eea-security.com\/wp-content\/uploads\/2022\/02\/Centrum-a-livelli-con-staffa-1-scaled.jpg 1026w\" sizes=\"(max-width: 513px) 100vw, 513px\" \/>\t\t\t\t\t\t\t\t<\/a>\n\t\t\t\t\t\t\t\t\t\t\t\t\t\t\t<\/div>\n\t\t\t\t<\/div>\n\t\t\t\t<div class=\"elementor-element elementor-element-5a97f36 ob-harakiri-inherit ob-has-background-overlay elementor-widget elementor-widget-text-editor\" data-id=\"5a97f36\" data-element_type=\"widget\" data-e-type=\"widget\" data-settings=\"{&quot;_ob_use_harakiri&quot;:&quot;yes&quot;,&quot;_ob_harakiri_writing_mode&quot;:&quot;inherit&quot;,&quot;_ob_postman_use&quot;:&quot;no&quot;,&quot;_ob_widget_stalker_use&quot;:&quot;no&quot;,&quot;_ob_poopart_use&quot;:&quot;yes&quot;,&quot;_ob_shadough_use&quot;:&quot;no&quot;,&quot;_ob_allow_hoveranimator&quot;:&quot;no&quot;}\" data-widget_type=\"text-editor.default\">\n\t\t\t\t<div class=\"elementor-widget-container\">\n\t\t\t\t\t\t\t\t\t<h2><strong>CENTRUM<\/strong><\/h2>\n<span style=\"font-weight: 400\">Les d\u00e9tecteurs de la ligne Centrum sont con\u00e7us pour les installations en fen\u00eatre centrale pour la protection des entr\u00e9es.<\/span>\t\t\t\t\t\t\t\t<\/div>\n\t\t\t\t<\/div>\n\t\t\t\t<div class=\"elementor-element elementor-element-f5d7da9 ob-has-background-overlay elementor-widget elementor-widget-bdt-dual-button\" data-id=\"f5d7da9\" data-element_type=\"widget\" data-e-type=\"widget\" data-settings=\"{&quot;_ob_widget_stalker_use&quot;:&quot;no&quot;,&quot;_ob_poopart_use&quot;:&quot;yes&quot;,&quot;_ob_shadough_use&quot;:&quot;no&quot;,&quot;_ob_allow_hoveranimator&quot;:&quot;no&quot;}\" data-widget_type=\"bdt-dual-button.default\">\n\t\t\t\t<div class=\"elementor-widget-container\">\n\t\t\t\t\t\t\t<div class=\"bdt-element-align-wrapper bdt-flex\">\n\t\t\t<div class=\"bdt-dual-button bdt-ep-button-wrapper bdt-element\">\n\t\t\t\t<a href=\"https:\/\/eea-security.com\/fr\/centrum\/\" class=\"bdt-btn-a bdt-ep-button bdt-effect-a bdt-ep-button-size-sm\">\n\t\t\t\t\t\t\t<div class=\"bdt-btn-content-wrap  \" data-text=\"Information\">\n\t\t\t\t\t\t<div class=\"bdt-btn-text\">Information<\/div>\n\t\t<\/div>\n\t\t\t\t\t\t<\/a>\n\n\t\t\t\t\n\t\t\t\t<a href=\"https:\/\/eea-security.com\/wp-content\/uploads\/2023\/10\/Depliant_Centrum-V20102023.pdf\" target=\"_blank\" class=\"bdt-btn-b bdt-ep-button bdt-effect-a bdt-ep-button-size-sm\">\n\t\t\t\t\t\t\t<div class=\"bdt-btn-content-wrap  \" data-text=\"BROCHURES\">\n\t\t\t\t\t\t<div class=\"bdt-btn-text\">BROCHURES<\/div>\n\t\t<\/div>\n\t\t\t\t\t\t<\/a>\n\t\t\t<\/div>\n\t\t<\/div>\n\t\t\t\t\t\t<\/div>\n\t\t\t\t<\/div>\n\t\t\t\t\t<\/div>\n\t\t<\/div>\n\t\t\t\t\t<\/div>\n\t\t<\/section>\n\t\t\t\t<section class=\"elementor-section elementor-top-section elementor-element elementor-element-d9762bb elementor-section-boxed elementor-section-height-default elementor-section-height-default\" data-id=\"d9762bb\" data-element_type=\"section\" data-e-type=\"section\" data-settings=\"{&quot;_ob_glider_is_slider&quot;:&quot;no&quot;}\">\n\t\t\t\t\t\t<div class=\"elementor-container elementor-column-gap-default\">\n\t\t\t\t\t<div class=\"elementor-column elementor-col-100 elementor-top-column elementor-element elementor-element-05b3481\" data-id=\"05b3481\" data-element_type=\"column\" data-e-type=\"column\" data-settings=\"{&quot;_ob_column_hoveranimator&quot;:&quot;no&quot;,&quot;_ob_column_has_pseudo&quot;:&quot;no&quot;}\">\n\t\t\t<div class=\"elementor-widget-wrap elementor-element-populated\">\n\t\t\t\t\t\t<div class=\"elementor-element elementor-element-85d19eb ob-has-background-overlay elementor-widget elementor-widget-spacer\" data-id=\"85d19eb\" data-element_type=\"widget\" data-e-type=\"widget\" data-settings=\"{&quot;_ob_spacerat_use&quot;:&quot;no&quot;,&quot;_ob_widget_stalker_use&quot;:&quot;no&quot;,&quot;_ob_poopart_use&quot;:&quot;yes&quot;,&quot;_ob_shadough_use&quot;:&quot;no&quot;,&quot;_ob_allow_hoveranimator&quot;:&quot;no&quot;}\" data-widget_type=\"spacer.default\">\n\t\t\t\t<div class=\"elementor-widget-container\">\n\t\t\t\t\t\t\t<div class=\"elementor-spacer\">\n\t\t\t<div class=\"elementor-spacer-inner\"><\/div>\n\t\t<\/div>\n\t\t\t\t\t\t<\/div>\n\t\t\t\t<\/div>\n\t\t\t\t\t<\/div>\n\t\t<\/div>\n\t\t\t\t\t<\/div>\n\t\t<\/section>\n\t\t\t\t<\/div>\n\t\t","protected":false},"excerpt":{"rendered":"<p>Sensori antifurto LAB externe \u00e0 faible absorption VELVET LAB Les Velvet dt Lab sont des d\u00e9tecteurs \u00e0 rideau ext\u00e9rieurs \u00e0 double technologie \u00e0 faible absorption pour les syst\u00e8mes radio. Information BROCHURES CENTRUM Les d\u00e9tecteurs de la ligne Centrum sont con\u00e7us pour les installations en fen\u00eatre centrale pour la protection des entr\u00e9es. Information BROCHURES<\/p>\n","protected":false},"author":1,"featured_media":0,"parent":0,"menu_order":0,"comment_status":"closed","ping_status":"closed","template":"elementor_header_footer","meta":{"footnotes":""},"class_list":["post-13368","page","type-page","status-publish","hentry"],"_links":{"self":[{"href":"https:\/\/eea-security.com\/fr\/wp-json\/wp\/v2\/pages\/13368","targetHints":{"allow":["GET"]}}],"collection":[{"href":"https:\/\/eea-security.com\/fr\/wp-json\/wp\/v2\/pages"}],"about":[{"href":"https:\/\/eea-security.com\/fr\/wp-json\/wp\/v2\/types\/page"}],"author":[{"embeddable":true,"href":"https:\/\/eea-security.com\/fr\/wp-json\/wp\/v2\/users\/1"}],"replies":[{"embeddable":true,"href":"https:\/\/eea-security.com\/fr\/wp-json\/wp\/v2\/comments?post=13368"}],"version-history":[{"count":0,"href":"https:\/\/eea-security.com\/fr\/wp-json\/wp\/v2\/pages\/13368\/revisions"}],"wp:attachment":[{"href":"https:\/\/eea-security.com\/fr\/wp-json\/wp\/v2\/media?parent=13368"}],"curies":[{"name":"wp","href":"https:\/\/api.w.org\/{rel}","templated":true}]}}