{"id":13524,"date":"2019-09-12T07:22:36","date_gmt":"2019-09-12T07:22:36","guid":{"rendered":"https:\/\/eea-security.com\/produits-pour-lexterieur\/"},"modified":"2023-10-25T14:52:07","modified_gmt":"2023-10-25T14:52:07","slug":"produits-pour-lexterieur","status":"publish","type":"page","link":"https:\/\/eea-security.com\/fr\/produits-pour-lexterieur\/","title":{"rendered":"Produits pour l&rsquo;ext\u00e9rieur"},"content":{"rendered":"\t\t<div data-elementor-type=\"wp-post\" data-elementor-id=\"13524\" class=\"elementor elementor-13524 elementor-757\" data-elementor-settings=\"{&quot;element_pack_global_tooltip_width&quot;:{&quot;unit&quot;:&quot;px&quot;,&quot;size&quot;:&quot;&quot;,&quot;sizes&quot;:[]},&quot;element_pack_global_tooltip_width_tablet&quot;:{&quot;unit&quot;:&quot;px&quot;,&quot;size&quot;:&quot;&quot;,&quot;sizes&quot;:[]},&quot;element_pack_global_tooltip_width_mobile&quot;:{&quot;unit&quot;:&quot;px&quot;,&quot;size&quot;:&quot;&quot;,&quot;sizes&quot;:[]},&quot;element_pack_global_tooltip_padding&quot;:{&quot;unit&quot;:&quot;px&quot;,&quot;top&quot;:&quot;&quot;,&quot;right&quot;:&quot;&quot;,&quot;bottom&quot;:&quot;&quot;,&quot;left&quot;:&quot;&quot;,&quot;isLinked&quot;:true},&quot;element_pack_global_tooltip_padding_tablet&quot;:{&quot;unit&quot;:&quot;px&quot;,&quot;top&quot;:&quot;&quot;,&quot;right&quot;:&quot;&quot;,&quot;bottom&quot;:&quot;&quot;,&quot;left&quot;:&quot;&quot;,&quot;isLinked&quot;:true},&quot;element_pack_global_tooltip_padding_mobile&quot;:{&quot;unit&quot;:&quot;px&quot;,&quot;top&quot;:&quot;&quot;,&quot;right&quot;:&quot;&quot;,&quot;bottom&quot;:&quot;&quot;,&quot;left&quot;:&quot;&quot;,&quot;isLinked&quot;:true},&quot;element_pack_global_tooltip_border_radius&quot;:{&quot;unit&quot;:&quot;px&quot;,&quot;top&quot;:&quot;&quot;,&quot;right&quot;:&quot;&quot;,&quot;bottom&quot;:&quot;&quot;,&quot;left&quot;:&quot;&quot;,&quot;isLinked&quot;:true},&quot;element_pack_global_tooltip_border_radius_tablet&quot;:{&quot;unit&quot;:&quot;px&quot;,&quot;top&quot;:&quot;&quot;,&quot;right&quot;:&quot;&quot;,&quot;bottom&quot;:&quot;&quot;,&quot;left&quot;:&quot;&quot;,&quot;isLinked&quot;:true},&quot;element_pack_global_tooltip_border_radius_mobile&quot;:{&quot;unit&quot;:&quot;px&quot;,&quot;top&quot;:&quot;&quot;,&quot;right&quot;:&quot;&quot;,&quot;bottom&quot;:&quot;&quot;,&quot;left&quot;:&quot;&quot;,&quot;isLinked&quot;:true}}\" data-elementor-post-type=\"page\">\n\t\t\t\t\t\t<section class=\"elementor-section elementor-top-section elementor-element elementor-element-5590740 elementor-section-boxed elementor-section-height-default elementor-section-height-default\" data-id=\"5590740\" data-element_type=\"section\" data-e-type=\"section\" data-settings=\"{&quot;_ob_glider_is_slider&quot;:&quot;no&quot;}\">\n\t\t\t\t\t\t<div class=\"elementor-container elementor-column-gap-default\">\n\t\t\t\t\t<div class=\"elementor-column elementor-col-33 elementor-top-column elementor-element elementor-element-fd5630f\" data-id=\"fd5630f\" data-element_type=\"column\" data-e-type=\"column\" data-settings=\"{&quot;_ob_column_hoveranimator&quot;:&quot;no&quot;,&quot;_ob_column_has_pseudo&quot;:&quot;no&quot;}\">\n\t\t\t<div class=\"elementor-widget-wrap\">\n\t\t\t\t\t\t\t<\/div>\n\t\t<\/div>\n\t\t\t\t<div class=\"elementor-column elementor-col-33 elementor-top-column elementor-element elementor-element-63f98f9\" data-id=\"63f98f9\" data-element_type=\"column\" data-e-type=\"column\" data-settings=\"{&quot;_ob_column_hoveranimator&quot;:&quot;no&quot;,&quot;_ob_column_has_pseudo&quot;:&quot;no&quot;}\">\n\t\t\t<div class=\"elementor-widget-wrap elementor-element-populated\">\n\t\t\t\t\t\t<div class=\"elementor-element elementor-element-b097c45 ob-has-background-overlay elementor-widget elementor-widget-bdt-advanced-heading\" data-id=\"b097c45\" data-element_type=\"widget\" data-e-type=\"widget\" data-settings=\"{&quot;_ob_widget_stalker_use&quot;:&quot;no&quot;,&quot;_ob_poopart_use&quot;:&quot;yes&quot;,&quot;_ob_shadough_use&quot;:&quot;no&quot;,&quot;_ob_allow_hoveranimator&quot;:&quot;no&quot;}\" data-widget_type=\"bdt-advanced-heading.default\">\n\t\t\t\t<div class=\"elementor-widget-container\">\n\t\t\t\t\t<div id=\"b097c45\" class=\"bdt-ep-advanced-heading\" data-settings=\"{&quot;titleMultiColor&quot;:&quot;no&quot;}\"><div class=\"bdt-ep-advanced-heading-content bdt-visible@m\"><div class=\"bdt-transform-origin-top-left\">Sensori antifurto<\/div><\/div><h1 class=\"bdt-ep-advanced-heading-title\"><span class=\"bdt-ep-advanced-heading-main-title\"><span class=\"bdt-ep-advanced-heading-main-title-inner\">Ext\u00e9rieur<\/span><\/span><\/h1><\/div>\t\t\t\t<\/div>\n\t\t\t\t<\/div>\n\t\t\t\t\t<\/div>\n\t\t<\/div>\n\t\t\t\t<div class=\"elementor-column elementor-col-33 elementor-top-column elementor-element elementor-element-3c78e5d\" data-id=\"3c78e5d\" data-element_type=\"column\" data-e-type=\"column\" data-settings=\"{&quot;_ob_column_hoveranimator&quot;:&quot;no&quot;,&quot;_ob_column_has_pseudo&quot;:&quot;no&quot;}\">\n\t\t\t<div class=\"elementor-widget-wrap\">\n\t\t\t\t\t\t\t<\/div>\n\t\t<\/div>\n\t\t\t\t\t<\/div>\n\t\t<\/section>\n\t\t\t\t<section class=\"elementor-section elementor-top-section elementor-element elementor-element-85a5f06 elementor-section-boxed elementor-section-height-default elementor-section-height-default\" data-id=\"85a5f06\" data-element_type=\"section\" data-e-type=\"section\" data-settings=\"{&quot;background_background&quot;:&quot;classic&quot;,&quot;_ob_glider_is_slider&quot;:&quot;no&quot;}\">\n\t\t\t\t\t\t<div class=\"elementor-container elementor-column-gap-default\">\n\t\t\t\t\t<div class=\"elementor-column elementor-col-33 elementor-top-column elementor-element elementor-element-c279439\" data-id=\"c279439\" data-element_type=\"column\" data-e-type=\"column\" data-settings=\"{&quot;_ob_column_hoveranimator&quot;:&quot;no&quot;,&quot;_ob_column_has_pseudo&quot;:&quot;no&quot;}\">\n\t\t\t<div class=\"elementor-widget-wrap\">\n\t\t\t\t\t\t\t<\/div>\n\t\t<\/div>\n\t\t\t\t<div class=\"elementor-column elementor-col-33 elementor-top-column elementor-element elementor-element-664e8a4\" data-id=\"664e8a4\" data-element_type=\"column\" data-e-type=\"column\" data-settings=\"{&quot;background_background&quot;:&quot;classic&quot;,&quot;_ob_column_hoveranimator&quot;:&quot;no&quot;,&quot;_ob_column_has_pseudo&quot;:&quot;no&quot;}\">\n\t\t\t<div class=\"elementor-widget-wrap\">\n\t\t\t\t\t\t\t<\/div>\n\t\t<\/div>\n\t\t\t\t<div class=\"elementor-column elementor-col-33 elementor-top-column elementor-element elementor-element-e064dc0\" data-id=\"e064dc0\" data-element_type=\"column\" data-e-type=\"column\" data-settings=\"{&quot;_ob_column_hoveranimator&quot;:&quot;no&quot;,&quot;_ob_column_has_pseudo&quot;:&quot;no&quot;}\">\n\t\t\t<div class=\"elementor-widget-wrap\">\n\t\t\t\t\t\t\t<\/div>\n\t\t<\/div>\n\t\t\t\t\t<\/div>\n\t\t<\/section>\n\t\t\t\t<section class=\"elementor-section elementor-top-section elementor-element elementor-element-e8327e7 elementor-section-content-bottom elementor-section-boxed elementor-section-height-default elementor-section-height-default\" data-id=\"e8327e7\" data-element_type=\"section\" data-e-type=\"section\" data-settings=\"{&quot;_ob_glider_is_slider&quot;:&quot;no&quot;}\">\n\t\t\t\t\t\t<div class=\"elementor-container elementor-column-gap-wider\">\n\t\t\t\t\t<div class=\"elementor-column elementor-col-33 elementor-top-column elementor-element elementor-element-d8a031b\" data-id=\"d8a031b\" data-element_type=\"column\" data-e-type=\"column\" data-settings=\"{&quot;_ob_column_hoveranimator&quot;:&quot;no&quot;,&quot;_ob_column_has_pseudo&quot;:&quot;no&quot;}\">\n\t\t\t<div class=\"elementor-widget-wrap elementor-element-populated\">\n\t\t\t\t\t\t<div class=\"elementor-element elementor-element-fac36f9 ob-has-background-overlay elementor-widget elementor-widget-image\" data-id=\"fac36f9\" data-element_type=\"widget\" data-e-type=\"widget\" data-settings=\"{&quot;_ob_photomorph_use&quot;:&quot;no&quot;,&quot;_ob_widget_stalker_use&quot;:&quot;no&quot;,&quot;_ob_poopart_use&quot;:&quot;yes&quot;,&quot;_ob_shadough_use&quot;:&quot;no&quot;,&quot;_ob_allow_hoveranimator&quot;:&quot;no&quot;}\" data-widget_type=\"image.default\">\n\t\t\t\t<div class=\"elementor-widget-container\">\n\t\t\t\t\t\t\t\t\t\t\t\t\t\t\t\t<a href=\"https:\/\/eea-security.com\/demo2019\/wp-content\/uploads\/2019\/04\/velvet-evolution.jpg\" data-elementor-open-lightbox=\"yes\" data-elementor-lightbox-title=\"Velvet\" data-e-action-hash=\"#elementor-action%3Aaction%3Dlightbox%26settings%3DeyJpZCI6IjExODA0IiwidXJsIjoiaHR0cHM6XC9cL2VlYS1zZWN1cml0eS5jb21cL3dwLWNvbnRlbnRcL3VwbG9hZHNcLzIwMTlcLzA0XC92ZWx2ZXQtZXZvbHV0aW9uLWUxNTc5MzcyNDEwNjE0LmpwZyJ9\">\n\t\t\t\t\t\t\t<img fetchpriority=\"high\" decoding=\"async\" width=\"410\" height=\"439\" src=\"https:\/\/eea-security.com\/wp-content\/uploads\/2019\/04\/velvet-evolution-e1579372410614.jpg\" class=\"attachment-full size-full wp-image-11804\" alt=\"\" srcset=\"https:\/\/eea-security.com\/wp-content\/uploads\/2019\/04\/velvet-evolution-e1579372410614.jpg 410w, https:\/\/eea-security.com\/wp-content\/uploads\/2019\/04\/velvet-evolution-e1579372410614-280x300.jpg 280w\" sizes=\"(max-width: 410px) 100vw, 410px\" \/>\t\t\t\t\t\t\t\t<\/a>\n\t\t\t\t\t\t\t\t\t\t\t\t\t\t\t<\/div>\n\t\t\t\t<\/div>\n\t\t\t\t<section class=\"elementor-section elementor-inner-section elementor-element elementor-element-a1b2da7 elementor-section-height-min-height elementor-section-boxed elementor-section-height-default\" data-id=\"a1b2da7\" data-element_type=\"section\" data-e-type=\"section\" data-settings=\"{&quot;_ob_glider_is_slider&quot;:&quot;no&quot;}\">\n\t\t\t\t\t\t<div class=\"elementor-container elementor-column-gap-default\">\n\t\t\t\t\t<div class=\"elementor-column elementor-col-100 elementor-inner-column elementor-element elementor-element-59f122b\" data-id=\"59f122b\" data-element_type=\"column\" data-e-type=\"column\" data-settings=\"{&quot;_ob_column_hoveranimator&quot;:&quot;no&quot;,&quot;_ob_column_has_pseudo&quot;:&quot;no&quot;}\">\n\t\t\t<div class=\"elementor-widget-wrap elementor-element-populated\">\n\t\t\t\t\t\t<div class=\"elementor-element elementor-element-be4eb82 ob-harakiri-inherit ob-has-background-overlay elementor-widget elementor-widget-text-editor\" data-id=\"be4eb82\" data-element_type=\"widget\" data-e-type=\"widget\" data-settings=\"{&quot;_ob_use_harakiri&quot;:&quot;yes&quot;,&quot;_ob_harakiri_writing_mode&quot;:&quot;inherit&quot;,&quot;_ob_postman_use&quot;:&quot;no&quot;,&quot;_ob_widget_stalker_use&quot;:&quot;no&quot;,&quot;_ob_poopart_use&quot;:&quot;yes&quot;,&quot;_ob_shadough_use&quot;:&quot;no&quot;,&quot;_ob_allow_hoveranimator&quot;:&quot;no&quot;}\" data-widget_type=\"text-editor.default\">\n\t\t\t\t<div class=\"elementor-widget-container\">\n\t\t\t\t\t\t\t\t\t<h2>VELVET<\/h2>\n<p>Les Velvet sont des d\u00e9tecteurs double technologie en forme de rideau pour l&rsquo;ext\u00e9rieur, tous \u00e9quip\u00e9s d&rsquo;un syst\u00e8me de double d\u00e9tection anti-masquage infrarouge et anti-masquage de micro-ondes. Chaque mod\u00e8le est con\u00e7u pour r\u00e9pondre aux diff\u00e9rentes exigences d&rsquo;installation qui peuvent se pr\u00e9senter.<\/p>\n\t\t\t\t\t\t\t\t<\/div>\n\t\t\t\t<\/div>\n\t\t\t\t\t<\/div>\n\t\t<\/div>\n\t\t\t\t\t<\/div>\n\t\t<\/section>\n\t\t\t\t<div class=\"elementor-element elementor-element-e3cd053 ob-has-background-overlay elementor-widget elementor-widget-bdt-dual-button\" data-id=\"e3cd053\" data-element_type=\"widget\" data-e-type=\"widget\" data-settings=\"{&quot;_ob_widget_stalker_use&quot;:&quot;no&quot;,&quot;_ob_poopart_use&quot;:&quot;yes&quot;,&quot;_ob_shadough_use&quot;:&quot;no&quot;,&quot;_ob_allow_hoveranimator&quot;:&quot;no&quot;}\" data-widget_type=\"bdt-dual-button.default\">\n\t\t\t\t<div class=\"elementor-widget-container\">\n\t\t\t\t\t\t\t<div class=\"bdt-element-align-wrapper bdt-flex\">\n\t\t\t<div class=\"bdt-dual-button bdt-ep-button-wrapper bdt-element\">\n\t\t\t\t<a href=\"https:\/\/eea-security.com\/fr\/velvet\/\" class=\"bdt-btn-a bdt-ep-button bdt-effect-a bdt-ep-button-size-sm\">\n\t\t\t\t\t\t\t<div class=\"bdt-btn-content-wrap  \" data-text=\"Information\">\n\t\t\t\t\t\t<div class=\"bdt-btn-text\">Information<\/div>\n\t\t<\/div>\n\t\t\t\t\t\t<\/a>\n\n\t\t\t\t\n\t\t\t\t<a href=\"https:\/\/eea-security.com\/wp-content\/uploads\/2023\/10\/Depliant_Velvet-V20102023.pdf\" target=\"_blank\" class=\"bdt-btn-b bdt-ep-button bdt-effect-a bdt-ep-button-size-sm\">\n\t\t\t\t\t\t\t<div class=\"bdt-btn-content-wrap  \" data-text=\"BROCHURE\">\n\t\t\t\t\t\t<div class=\"bdt-btn-text\">BROCHURE<\/div>\n\t\t<\/div>\n\t\t\t\t\t\t<\/a>\n\t\t\t<\/div>\n\t\t<\/div>\n\t\t\t\t\t\t<\/div>\n\t\t\t\t<\/div>\n\t\t\t\t\t<\/div>\n\t\t<\/div>\n\t\t\t\t<div class=\"elementor-column elementor-col-33 elementor-top-column elementor-element elementor-element-0f47ce8\" data-id=\"0f47ce8\" data-element_type=\"column\" data-e-type=\"column\" data-settings=\"{&quot;_ob_column_hoveranimator&quot;:&quot;no&quot;,&quot;_ob_column_has_pseudo&quot;:&quot;no&quot;}\">\n\t\t\t<div class=\"elementor-widget-wrap elementor-element-populated\">\n\t\t\t\t\t\t<div class=\"elementor-element elementor-element-e74fb51 ob-has-background-overlay elementor-widget elementor-widget-image\" data-id=\"e74fb51\" data-element_type=\"widget\" data-e-type=\"widget\" data-settings=\"{&quot;_ob_photomorph_use&quot;:&quot;no&quot;,&quot;_ob_widget_stalker_use&quot;:&quot;no&quot;,&quot;_ob_poopart_use&quot;:&quot;yes&quot;,&quot;_ob_shadough_use&quot;:&quot;no&quot;,&quot;_ob_allow_hoveranimator&quot;:&quot;no&quot;}\" data-widget_type=\"image.default\">\n\t\t\t\t<div class=\"elementor-widget-container\">\n\t\t\t\t\t\t\t\t\t\t\t\t\t\t\t\t<a href=\"https:\/\/eea-security.com\/demo2019\/wp-content\/uploads\/2019\/09\/CUT.jpg\" data-elementor-open-lightbox=\"yes\" data-elementor-lightbox-title=\"MYNI\" data-e-action-hash=\"#elementor-action%3Aaction%3Dlightbox%26settings%3DeyJpZCI6IjEzNDgwIiwidXJsIjoiaHR0cHM6XC9cL2VlYS1zZWN1cml0eS5jb21cL3dwLWNvbnRlbnRcL3VwbG9hZHNcLzIwMTlcLzA5XC9DVVQuanBnIn0%3D\">\n\t\t\t\t\t\t\t<img decoding=\"async\" width=\"876\" height=\"989\" src=\"https:\/\/eea-security.com\/wp-content\/uploads\/2019\/09\/CUT.jpg\" class=\"attachment-full size-full wp-image-13480\" alt=\"\" srcset=\"https:\/\/eea-security.com\/wp-content\/uploads\/2019\/09\/CUT.jpg 876w, https:\/\/eea-security.com\/wp-content\/uploads\/2019\/09\/CUT-266x300.jpg 266w, https:\/\/eea-security.com\/wp-content\/uploads\/2019\/09\/CUT-768x867.jpg 768w\" sizes=\"(max-width: 876px) 100vw, 876px\" \/>\t\t\t\t\t\t\t\t<\/a>\n\t\t\t\t\t\t\t\t\t\t\t\t\t\t\t<\/div>\n\t\t\t\t<\/div>\n\t\t\t\t<section class=\"elementor-section elementor-inner-section elementor-element elementor-element-0a16a05 elementor-section-height-min-height elementor-section-boxed elementor-section-height-default\" data-id=\"0a16a05\" data-element_type=\"section\" data-e-type=\"section\" data-settings=\"{&quot;_ob_glider_is_slider&quot;:&quot;no&quot;}\">\n\t\t\t\t\t\t<div class=\"elementor-container elementor-column-gap-default\">\n\t\t\t\t\t<div class=\"elementor-column elementor-col-100 elementor-inner-column elementor-element elementor-element-3f5b8f7\" data-id=\"3f5b8f7\" data-element_type=\"column\" data-e-type=\"column\" data-settings=\"{&quot;_ob_column_hoveranimator&quot;:&quot;no&quot;,&quot;_ob_column_has_pseudo&quot;:&quot;no&quot;}\">\n\t\t\t<div class=\"elementor-widget-wrap elementor-element-populated\">\n\t\t\t\t\t\t<div class=\"elementor-element elementor-element-7dc3f9e ob-harakiri-inherit ob-has-background-overlay elementor-widget elementor-widget-text-editor\" data-id=\"7dc3f9e\" data-element_type=\"widget\" data-e-type=\"widget\" data-settings=\"{&quot;_ob_use_harakiri&quot;:&quot;yes&quot;,&quot;_ob_harakiri_writing_mode&quot;:&quot;inherit&quot;,&quot;_ob_postman_use&quot;:&quot;no&quot;,&quot;_ob_widget_stalker_use&quot;:&quot;no&quot;,&quot;_ob_poopart_use&quot;:&quot;yes&quot;,&quot;_ob_shadough_use&quot;:&quot;no&quot;,&quot;_ob_allow_hoveranimator&quot;:&quot;no&quot;}\" data-widget_type=\"text-editor.default\">\n\t\t\t\t<div class=\"elementor-widget-container\">\n\t\t\t\t\t\t\t\t\t<h2>MYNI<\/h2>\n<p>Les Myni sont des d\u00e9tecteurs double technologie en forme de rideau pour la protection des portes et des fen\u00eatres.<\/p>\n\t\t\t\t\t\t\t\t<\/div>\n\t\t\t\t<\/div>\n\t\t\t\t\t<\/div>\n\t\t<\/div>\n\t\t\t\t\t<\/div>\n\t\t<\/section>\n\t\t\t\t<div class=\"elementor-element elementor-element-19172e9 ob-has-background-overlay elementor-widget elementor-widget-bdt-dual-button\" data-id=\"19172e9\" data-element_type=\"widget\" data-e-type=\"widget\" data-settings=\"{&quot;_ob_widget_stalker_use&quot;:&quot;no&quot;,&quot;_ob_poopart_use&quot;:&quot;yes&quot;,&quot;_ob_shadough_use&quot;:&quot;no&quot;,&quot;_ob_allow_hoveranimator&quot;:&quot;no&quot;}\" data-widget_type=\"bdt-dual-button.default\">\n\t\t\t\t<div class=\"elementor-widget-container\">\n\t\t\t\t\t\t\t<div class=\"bdt-element-align-wrapper bdt-flex\">\n\t\t\t<div class=\"bdt-dual-button bdt-ep-button-wrapper bdt-element\">\n\t\t\t\t<a href=\"https:\/\/eea-security.com\/fr\/myni\/\" class=\"bdt-btn-a bdt-ep-button bdt-effect-a bdt-ep-button-size-sm\">\n\t\t\t\t\t\t\t<div class=\"bdt-btn-content-wrap  \" data-text=\"Information\">\n\t\t\t\t\t\t<div class=\"bdt-btn-text\">Information<\/div>\n\t\t<\/div>\n\t\t\t\t\t\t<\/a>\n\n\t\t\t\t\n\t\t\t\t<a href=\"https:\/\/eea-security.com\/wp-content\/uploads\/2023\/10\/Depliant_Myni-V20102023.pdf\" target=\"_blank\" class=\"bdt-btn-b bdt-ep-button bdt-effect-a bdt-ep-button-size-sm\">\n\t\t\t\t\t\t\t<div class=\"bdt-btn-content-wrap  \" data-text=\"BROCHURE\">\n\t\t\t\t\t\t<div class=\"bdt-btn-text\">BROCHURE<\/div>\n\t\t<\/div>\n\t\t\t\t\t\t<\/a>\n\t\t\t<\/div>\n\t\t<\/div>\n\t\t\t\t\t\t<\/div>\n\t\t\t\t<\/div>\n\t\t\t\t\t<\/div>\n\t\t<\/div>\n\t\t\t\t<div class=\"elementor-column elementor-col-33 elementor-top-column elementor-element elementor-element-8ec60b6\" data-id=\"8ec60b6\" data-element_type=\"column\" data-e-type=\"column\" data-settings=\"{&quot;_ob_column_hoveranimator&quot;:&quot;no&quot;,&quot;_ob_column_has_pseudo&quot;:&quot;no&quot;}\">\n\t\t\t<div class=\"elementor-widget-wrap elementor-element-populated\">\n\t\t\t\t\t\t<div class=\"elementor-element elementor-element-588f52f ob-has-background-overlay elementor-widget elementor-widget-image\" data-id=\"588f52f\" data-element_type=\"widget\" data-e-type=\"widget\" data-settings=\"{&quot;_ob_photomorph_use&quot;:&quot;no&quot;,&quot;_ob_widget_stalker_use&quot;:&quot;no&quot;,&quot;_ob_poopart_use&quot;:&quot;yes&quot;,&quot;_ob_shadough_use&quot;:&quot;no&quot;,&quot;_ob_allow_hoveranimator&quot;:&quot;no&quot;}\" data-widget_type=\"image.default\">\n\t\t\t\t<div class=\"elementor-widget-container\">\n\t\t\t\t\t\t\t\t\t\t\t\t\t\t\t\t<a href=\"https:\/\/eea-security.com\/demo2019\/wp-content\/uploads\/2019\/09\/Master_frontale.jpg\" data-elementor-open-lightbox=\"yes\" data-elementor-lightbox-title=\"Master\" data-e-action-hash=\"#elementor-action%3Aaction%3Dlightbox%26settings%3DeyJpZCI6IjEzMjY1IiwidXJsIjoiaHR0cHM6XC9cL2VlYS1zZWN1cml0eS5jb21cL3dwLWNvbnRlbnRcL3VwbG9hZHNcLzIwMTlcLzA5XC9NYXN0ZXJfZnJvbnRhbGUuanBnIn0%3D\">\n\t\t\t\t\t\t\t<img decoding=\"async\" width=\"800\" height=\"845\" src=\"https:\/\/eea-security.com\/wp-content\/uploads\/2019\/09\/Master_frontale-970x1024.jpg\" class=\"attachment-large size-large wp-image-13265\" alt=\"\" srcset=\"https:\/\/eea-security.com\/wp-content\/uploads\/2019\/09\/Master_frontale-970x1024.jpg 970w, https:\/\/eea-security.com\/wp-content\/uploads\/2019\/09\/Master_frontale-284x300.jpg 284w, https:\/\/eea-security.com\/wp-content\/uploads\/2019\/09\/Master_frontale-768x811.jpg 768w\" sizes=\"(max-width: 800px) 100vw, 800px\" \/>\t\t\t\t\t\t\t\t<\/a>\n\t\t\t\t\t\t\t\t\t\t\t\t\t\t\t<\/div>\n\t\t\t\t<\/div>\n\t\t\t\t<section class=\"elementor-section elementor-inner-section elementor-element elementor-element-e0f9584 elementor-section-height-min-height elementor-section-boxed elementor-section-height-default\" data-id=\"e0f9584\" data-element_type=\"section\" data-e-type=\"section\" data-settings=\"{&quot;_ob_glider_is_slider&quot;:&quot;no&quot;}\">\n\t\t\t\t\t\t<div class=\"elementor-container elementor-column-gap-default\">\n\t\t\t\t\t<div class=\"elementor-column elementor-col-100 elementor-inner-column elementor-element elementor-element-5b2027f\" data-id=\"5b2027f\" data-element_type=\"column\" data-e-type=\"column\" data-settings=\"{&quot;_ob_column_hoveranimator&quot;:&quot;no&quot;,&quot;_ob_column_has_pseudo&quot;:&quot;no&quot;}\">\n\t\t\t<div class=\"elementor-widget-wrap elementor-element-populated\">\n\t\t\t\t\t\t<div class=\"elementor-element elementor-element-2dd93cb ob-harakiri-inherit ob-has-background-overlay elementor-widget elementor-widget-text-editor\" data-id=\"2dd93cb\" data-element_type=\"widget\" data-e-type=\"widget\" data-settings=\"{&quot;_ob_use_harakiri&quot;:&quot;yes&quot;,&quot;_ob_harakiri_writing_mode&quot;:&quot;inherit&quot;,&quot;_ob_postman_use&quot;:&quot;no&quot;,&quot;_ob_widget_stalker_use&quot;:&quot;no&quot;,&quot;_ob_poopart_use&quot;:&quot;yes&quot;,&quot;_ob_shadough_use&quot;:&quot;no&quot;,&quot;_ob_allow_hoveranimator&quot;:&quot;no&quot;}\" data-widget_type=\"text-editor.default\">\n\t\t\t\t<div class=\"elementor-widget-container\">\n\t\t\t\t\t\t\t\t\t<h2>MASTER<\/h2>\n<p>Le Master est un d\u00e9tecteur triple technologie multifaisceau con\u00e7u pour les protections p\u00e9rim\u00e9triques ext\u00e9rieures.<\/p>\n\t\t\t\t\t\t\t\t<\/div>\n\t\t\t\t<\/div>\n\t\t\t\t\t<\/div>\n\t\t<\/div>\n\t\t\t\t\t<\/div>\n\t\t<\/section>\n\t\t\t\t<div class=\"elementor-element elementor-element-66e641b ob-has-background-overlay elementor-widget elementor-widget-bdt-dual-button\" data-id=\"66e641b\" data-element_type=\"widget\" data-e-type=\"widget\" data-settings=\"{&quot;_ob_widget_stalker_use&quot;:&quot;no&quot;,&quot;_ob_poopart_use&quot;:&quot;yes&quot;,&quot;_ob_shadough_use&quot;:&quot;no&quot;,&quot;_ob_allow_hoveranimator&quot;:&quot;no&quot;}\" data-widget_type=\"bdt-dual-button.default\">\n\t\t\t\t<div class=\"elementor-widget-container\">\n\t\t\t\t\t\t\t<div class=\"bdt-element-align-wrapper bdt-flex\">\n\t\t\t<div class=\"bdt-dual-button bdt-ep-button-wrapper bdt-element\">\n\t\t\t\t<a href=\"https:\/\/eea-security.com\/fr\/master\/\" class=\"bdt-btn-a bdt-ep-button bdt-effect-a bdt-ep-button-size-sm\">\n\t\t\t\t\t\t\t<div class=\"bdt-btn-content-wrap  \" data-text=\"Information\">\n\t\t\t\t\t\t<div class=\"bdt-btn-text\">Information<\/div>\n\t\t<\/div>\n\t\t\t\t\t\t<\/a>\n\n\t\t\t\t\n\t\t\t\t<a href=\"https:\/\/eea-security.com\/wp-content\/uploads\/2023\/10\/Depliant_Master-V20102023.pdf\" target=\"_blank\" class=\"bdt-btn-b bdt-ep-button bdt-effect-a bdt-ep-button-size-sm\">\n\t\t\t\t\t\t\t<div class=\"bdt-btn-content-wrap  \" data-text=\"BROCHURE\">\n\t\t\t\t\t\t<div class=\"bdt-btn-text\">BROCHURE<\/div>\n\t\t<\/div>\n\t\t\t\t\t\t<\/a>\n\t\t\t<\/div>\n\t\t<\/div>\n\t\t\t\t\t\t<\/div>\n\t\t\t\t<\/div>\n\t\t\t\t\t<\/div>\n\t\t<\/div>\n\t\t\t\t\t<\/div>\n\t\t<\/section>\n\t\t\t\t<\/div>\n\t\t","protected":false},"excerpt":{"rendered":"<p>Sensori antifurto Ext\u00e9rieur VELVET Les Velvet sont des d\u00e9tecteurs double technologie en forme de rideau pour l&rsquo;ext\u00e9rieur, tous \u00e9quip\u00e9s d&rsquo;un syst\u00e8me de double d\u00e9tection anti-masquage infrarouge et anti-masquage de micro-ondes. Chaque mod\u00e8le est con\u00e7u pour r\u00e9pondre aux diff\u00e9rentes exigences d&rsquo;installation qui peuvent se pr\u00e9senter. Information BROCHURE MYNI Les Myni sont des d\u00e9tecteurs double technologie en [&hellip;]<\/p>\n","protected":false},"author":1,"featured_media":0,"parent":0,"menu_order":0,"comment_status":"closed","ping_status":"closed","template":"elementor_header_footer","meta":{"footnotes":""},"class_list":["post-13524","page","type-page","status-publish","hentry"],"_links":{"self":[{"href":"https:\/\/eea-security.com\/fr\/wp-json\/wp\/v2\/pages\/13524","targetHints":{"allow":["GET"]}}],"collection":[{"href":"https:\/\/eea-security.com\/fr\/wp-json\/wp\/v2\/pages"}],"about":[{"href":"https:\/\/eea-security.com\/fr\/wp-json\/wp\/v2\/types\/page"}],"author":[{"embeddable":true,"href":"https:\/\/eea-security.com\/fr\/wp-json\/wp\/v2\/users\/1"}],"replies":[{"embeddable":true,"href":"https:\/\/eea-security.com\/fr\/wp-json\/wp\/v2\/comments?post=13524"}],"version-history":[{"count":0,"href":"https:\/\/eea-security.com\/fr\/wp-json\/wp\/v2\/pages\/13524\/revisions"}],"wp:attachment":[{"href":"https:\/\/eea-security.com\/fr\/wp-json\/wp\/v2\/media?parent=13524"}],"curies":[{"name":"wp","href":"https:\/\/api.w.org\/{rel}","templated":true}]}}