{"id":13549,"date":"2019-09-12T07:38:14","date_gmt":"2019-09-12T07:38:14","guid":{"rendered":"https:\/\/eea-security.com\/produits-de-perimetre-a-faible-absorption-lab\/"},"modified":"2023-10-25T14:57:21","modified_gmt":"2023-10-25T14:57:21","slug":"produits-de-perimetre-a-faible-absorption-lab","status":"publish","type":"page","link":"https:\/\/eea-security.com\/fr\/produits-de-perimetre-a-faible-absorption-lab\/","title":{"rendered":"Produits de p\u00e9rim\u00e8tre \u00e0 faible absorption LAB"},"content":{"rendered":"\t\t<div data-elementor-type=\"wp-post\" data-elementor-id=\"13549\" class=\"elementor elementor-13549 elementor-770\" data-elementor-settings=\"{&quot;element_pack_global_tooltip_width&quot;:{&quot;unit&quot;:&quot;px&quot;,&quot;size&quot;:&quot;&quot;,&quot;sizes&quot;:[]},&quot;element_pack_global_tooltip_width_tablet&quot;:{&quot;unit&quot;:&quot;px&quot;,&quot;size&quot;:&quot;&quot;,&quot;sizes&quot;:[]},&quot;element_pack_global_tooltip_width_mobile&quot;:{&quot;unit&quot;:&quot;px&quot;,&quot;size&quot;:&quot;&quot;,&quot;sizes&quot;:[]},&quot;element_pack_global_tooltip_padding&quot;:{&quot;unit&quot;:&quot;px&quot;,&quot;top&quot;:&quot;&quot;,&quot;right&quot;:&quot;&quot;,&quot;bottom&quot;:&quot;&quot;,&quot;left&quot;:&quot;&quot;,&quot;isLinked&quot;:true},&quot;element_pack_global_tooltip_padding_tablet&quot;:{&quot;unit&quot;:&quot;px&quot;,&quot;top&quot;:&quot;&quot;,&quot;right&quot;:&quot;&quot;,&quot;bottom&quot;:&quot;&quot;,&quot;left&quot;:&quot;&quot;,&quot;isLinked&quot;:true},&quot;element_pack_global_tooltip_padding_mobile&quot;:{&quot;unit&quot;:&quot;px&quot;,&quot;top&quot;:&quot;&quot;,&quot;right&quot;:&quot;&quot;,&quot;bottom&quot;:&quot;&quot;,&quot;left&quot;:&quot;&quot;,&quot;isLinked&quot;:true},&quot;element_pack_global_tooltip_border_radius&quot;:{&quot;unit&quot;:&quot;px&quot;,&quot;top&quot;:&quot;&quot;,&quot;right&quot;:&quot;&quot;,&quot;bottom&quot;:&quot;&quot;,&quot;left&quot;:&quot;&quot;,&quot;isLinked&quot;:true},&quot;element_pack_global_tooltip_border_radius_tablet&quot;:{&quot;unit&quot;:&quot;px&quot;,&quot;top&quot;:&quot;&quot;,&quot;right&quot;:&quot;&quot;,&quot;bottom&quot;:&quot;&quot;,&quot;left&quot;:&quot;&quot;,&quot;isLinked&quot;:true},&quot;element_pack_global_tooltip_border_radius_mobile&quot;:{&quot;unit&quot;:&quot;px&quot;,&quot;top&quot;:&quot;&quot;,&quot;right&quot;:&quot;&quot;,&quot;bottom&quot;:&quot;&quot;,&quot;left&quot;:&quot;&quot;,&quot;isLinked&quot;:true}}\" data-elementor-post-type=\"page\">\n\t\t\t\t\t\t<section class=\"elementor-section elementor-top-section elementor-element elementor-element-5590740 elementor-section-boxed elementor-section-height-default elementor-section-height-default\" data-id=\"5590740\" data-element_type=\"section\" data-e-type=\"section\" data-settings=\"{&quot;_ob_glider_is_slider&quot;:&quot;no&quot;}\">\n\t\t\t\t\t\t<div class=\"elementor-container elementor-column-gap-default\">\n\t\t\t\t\t<div class=\"elementor-column elementor-col-33 elementor-top-column elementor-element elementor-element-fd5630f\" data-id=\"fd5630f\" data-element_type=\"column\" data-e-type=\"column\" data-settings=\"{&quot;_ob_column_hoveranimator&quot;:&quot;no&quot;,&quot;_ob_column_has_pseudo&quot;:&quot;no&quot;}\">\n\t\t\t<div class=\"elementor-widget-wrap\">\n\t\t\t\t\t\t\t<\/div>\n\t\t<\/div>\n\t\t\t\t<div class=\"elementor-column elementor-col-33 elementor-top-column elementor-element elementor-element-63f98f9\" data-id=\"63f98f9\" data-element_type=\"column\" data-e-type=\"column\" data-settings=\"{&quot;_ob_column_hoveranimator&quot;:&quot;no&quot;,&quot;_ob_column_has_pseudo&quot;:&quot;no&quot;}\">\n\t\t\t<div class=\"elementor-widget-wrap elementor-element-populated\">\n\t\t\t\t\t\t<div class=\"elementor-element elementor-element-b097c45 ob-has-background-overlay elementor-widget elementor-widget-bdt-advanced-heading\" data-id=\"b097c45\" data-element_type=\"widget\" data-e-type=\"widget\" data-settings=\"{&quot;_ob_widget_stalker_use&quot;:&quot;no&quot;,&quot;_ob_poopart_use&quot;:&quot;yes&quot;,&quot;_ob_shadough_use&quot;:&quot;no&quot;,&quot;_ob_allow_hoveranimator&quot;:&quot;no&quot;}\" data-widget_type=\"bdt-advanced-heading.default\">\n\t\t\t\t<div class=\"elementor-widget-container\">\n\t\t\t\t\t<div id=\"b097c45\" class=\"bdt-ep-advanced-heading\" data-settings=\"{&quot;titleMultiColor&quot;:&quot;no&quot;}\"><div class=\"bdt-ep-advanced-heading-content bdt-visible@m\"><div class=\"bdt-transform-origin-top-left\">Sensori antifurto<\/div><\/div><h1 class=\"bdt-ep-advanced-heading-title\"><span class=\"bdt-ep-advanced-heading-main-title\"><span class=\"bdt-ep-advanced-heading-main-title-inner\">Produits de p\u00e9rim\u00e8tre \u00e0 faible absorption LAB<\/span><\/span><\/h1><\/div>\t\t\t\t<\/div>\n\t\t\t\t<\/div>\n\t\t\t\t\t<\/div>\n\t\t<\/div>\n\t\t\t\t<div class=\"elementor-column elementor-col-33 elementor-top-column elementor-element elementor-element-3c78e5d\" data-id=\"3c78e5d\" data-element_type=\"column\" data-e-type=\"column\" data-settings=\"{&quot;_ob_column_hoveranimator&quot;:&quot;no&quot;,&quot;_ob_column_has_pseudo&quot;:&quot;no&quot;}\">\n\t\t\t<div class=\"elementor-widget-wrap\">\n\t\t\t\t\t\t\t<\/div>\n\t\t<\/div>\n\t\t\t\t\t<\/div>\n\t\t<\/section>\n\t\t\t\t<section class=\"elementor-section elementor-top-section elementor-element elementor-element-85a5f06 elementor-section-boxed elementor-section-height-default elementor-section-height-default\" data-id=\"85a5f06\" data-element_type=\"section\" data-e-type=\"section\" data-settings=\"{&quot;background_background&quot;:&quot;classic&quot;,&quot;_ob_glider_is_slider&quot;:&quot;no&quot;}\">\n\t\t\t\t\t\t<div class=\"elementor-container elementor-column-gap-default\">\n\t\t\t\t\t<div class=\"elementor-column elementor-col-33 elementor-top-column elementor-element elementor-element-c279439\" data-id=\"c279439\" data-element_type=\"column\" data-e-type=\"column\" data-settings=\"{&quot;_ob_column_hoveranimator&quot;:&quot;no&quot;,&quot;_ob_column_has_pseudo&quot;:&quot;no&quot;}\">\n\t\t\t<div class=\"elementor-widget-wrap\">\n\t\t\t\t\t\t\t<\/div>\n\t\t<\/div>\n\t\t\t\t<div class=\"elementor-column elementor-col-33 elementor-top-column elementor-element elementor-element-664e8a4\" data-id=\"664e8a4\" data-element_type=\"column\" data-e-type=\"column\" data-settings=\"{&quot;background_background&quot;:&quot;classic&quot;,&quot;_ob_column_hoveranimator&quot;:&quot;no&quot;,&quot;_ob_column_has_pseudo&quot;:&quot;no&quot;}\">\n\t\t\t<div class=\"elementor-widget-wrap\">\n\t\t\t\t\t\t\t<\/div>\n\t\t<\/div>\n\t\t\t\t<div class=\"elementor-column elementor-col-33 elementor-top-column elementor-element elementor-element-e064dc0\" data-id=\"e064dc0\" data-element_type=\"column\" data-e-type=\"column\" data-settings=\"{&quot;_ob_column_hoveranimator&quot;:&quot;no&quot;,&quot;_ob_column_has_pseudo&quot;:&quot;no&quot;}\">\n\t\t\t<div class=\"elementor-widget-wrap\">\n\t\t\t\t\t\t\t<\/div>\n\t\t<\/div>\n\t\t\t\t\t<\/div>\n\t\t<\/section>\n\t\t\t\t<section class=\"elementor-section elementor-top-section elementor-element elementor-element-b684e0f elementor-section-content-bottom elementor-section-boxed elementor-section-height-default elementor-section-height-default\" data-id=\"b684e0f\" data-element_type=\"section\" data-e-type=\"section\" data-settings=\"{&quot;_ob_glider_is_slider&quot;:&quot;no&quot;}\">\n\t\t\t\t\t\t<div class=\"elementor-container elementor-column-gap-wide\">\n\t\t\t\t\t<div class=\"elementor-column elementor-col-50 elementor-top-column elementor-element elementor-element-1005e90\" data-id=\"1005e90\" data-element_type=\"column\" data-e-type=\"column\" data-settings=\"{&quot;_ob_column_hoveranimator&quot;:&quot;no&quot;,&quot;_ob_column_has_pseudo&quot;:&quot;no&quot;}\">\n\t\t\t<div class=\"elementor-widget-wrap elementor-element-populated\">\n\t\t\t\t\t\t<div class=\"elementor-element elementor-element-fac36f9 ob-has-background-overlay elementor-widget elementor-widget-image\" data-id=\"fac36f9\" data-element_type=\"widget\" data-e-type=\"widget\" data-settings=\"{&quot;_ob_photomorph_use&quot;:&quot;no&quot;,&quot;_ob_widget_stalker_use&quot;:&quot;no&quot;,&quot;_ob_poopart_use&quot;:&quot;yes&quot;,&quot;_ob_shadough_use&quot;:&quot;no&quot;,&quot;_ob_allow_hoveranimator&quot;:&quot;no&quot;}\" data-widget_type=\"image.default\">\n\t\t\t\t<div class=\"elementor-widget-container\">\n\t\t\t\t\t\t\t\t\t\t\t\t\t\t\t\t<a href=\"https:\/\/eea-security.com\/wp-content\/uploads\/2022\/03\/FCT-FM_tre-quartipromask-1024x913-1.jpg\" data-elementor-open-lightbox=\"yes\" data-elementor-lightbox-title=\"FACTORY LAB FM\" data-e-action-hash=\"#elementor-action%3Aaction%3Dlightbox%26settings%3DeyJpZCI6IjEzMjQ1IiwidXJsIjoiaHR0cHM6XC9cL2VlYS1zZWN1cml0eS5jb21cL3dwLWNvbnRlbnRcL3VwbG9hZHNcLzIwMjJcLzAzXC9GQ1QtRk1fdHJlLXF1YXJ0aXByb21hc2stMTAyNHg5MTMtMS5qcGcifQ%3D%3D\">\n\t\t\t\t\t\t\t<img fetchpriority=\"high\" decoding=\"async\" width=\"1024\" height=\"913\" src=\"https:\/\/eea-security.com\/wp-content\/uploads\/2022\/03\/FCT-FM_tre-quartipromask-1024x913-1.jpg\" class=\"attachment-full size-full wp-image-13245\" alt=\"\" srcset=\"https:\/\/eea-security.com\/wp-content\/uploads\/2022\/03\/FCT-FM_tre-quartipromask-1024x913-1.jpg 1024w, https:\/\/eea-security.com\/wp-content\/uploads\/2022\/03\/FCT-FM_tre-quartipromask-1024x913-1-300x267.jpg 300w, https:\/\/eea-security.com\/wp-content\/uploads\/2022\/03\/FCT-FM_tre-quartipromask-1024x913-1-768x685.jpg 768w\" sizes=\"(max-width: 1024px) 100vw, 1024px\" \/>\t\t\t\t\t\t\t\t<\/a>\n\t\t\t\t\t\t\t\t\t\t\t\t\t\t\t<\/div>\n\t\t\t\t<\/div>\n\t\t\t\t<div class=\"elementor-element elementor-element-b1cc6b3 ob-harakiri-inherit ob-has-background-overlay elementor-widget elementor-widget-text-editor\" data-id=\"b1cc6b3\" data-element_type=\"widget\" data-e-type=\"widget\" data-settings=\"{&quot;_ob_use_harakiri&quot;:&quot;yes&quot;,&quot;_ob_harakiri_writing_mode&quot;:&quot;inherit&quot;,&quot;_ob_postman_use&quot;:&quot;no&quot;,&quot;_ob_widget_stalker_use&quot;:&quot;no&quot;,&quot;_ob_poopart_use&quot;:&quot;yes&quot;,&quot;_ob_shadough_use&quot;:&quot;no&quot;,&quot;_ob_allow_hoveranimator&quot;:&quot;no&quot;}\" data-widget_type=\"text-editor.default\">\n\t\t\t\t<div class=\"elementor-widget-container\">\n\t\t\t\t\t\t\t\t\t<h2>VELVET LAB<\/h2>\n<p>Il s&rsquo;agit d&rsquo;un d\u00e9tecteur con\u00e7u pour les environnements ext\u00e9rieurs prot\u00e9g\u00e9s, \u00e0 <strong>faible absorption<\/strong> pour les syst\u00e8mes sans fil.<\/p>\n\t\t\t\t\t\t\t\t<\/div>\n\t\t\t\t<\/div>\n\t\t\t\t<div class=\"elementor-element elementor-element-c107e26 ob-has-background-overlay elementor-widget elementor-widget-bdt-dual-button\" data-id=\"c107e26\" data-element_type=\"widget\" data-e-type=\"widget\" data-settings=\"{&quot;_ob_widget_stalker_use&quot;:&quot;no&quot;,&quot;_ob_poopart_use&quot;:&quot;yes&quot;,&quot;_ob_shadough_use&quot;:&quot;no&quot;,&quot;_ob_allow_hoveranimator&quot;:&quot;no&quot;}\" data-widget_type=\"bdt-dual-button.default\">\n\t\t\t\t<div class=\"elementor-widget-container\">\n\t\t\t\t\t\t\t<div class=\"bdt-element-align-wrapper bdt-flex\">\n\t\t\t<div class=\"bdt-dual-button bdt-ep-button-wrapper bdt-element\">\n\t\t\t\t<a href=\"https:\/\/eea-security.com\/fr\/lab-line\/\" class=\"bdt-btn-a bdt-ep-button bdt-effect-a bdt-ep-button-size-sm\">\n\t\t\t\t\t\t\t<div class=\"bdt-btn-content-wrap  \" data-text=\"Information\">\n\t\t\t\t\t\t<div class=\"bdt-btn-text\">Information<\/div>\n\t\t<\/div>\n\t\t\t\t\t\t<\/a>\n\n\t\t\t\t\n\t\t\t\t<a href=\"https:\/\/eea-security.com\/wp-content\/uploads\/2023\/10\/Depliant_Velvet-V20102023.pdf\" target=\"_blank\" class=\"bdt-btn-b bdt-ep-button bdt-effect-a bdt-ep-button-size-sm\">\n\t\t\t\t\t\t\t<div class=\"bdt-btn-content-wrap  \" data-text=\"BROCHURE\">\n\t\t\t\t\t\t<div class=\"bdt-btn-text\">BROCHURE<\/div>\n\t\t<\/div>\n\t\t\t\t\t\t<\/a>\n\t\t\t<\/div>\n\t\t<\/div>\n\t\t\t\t\t\t<\/div>\n\t\t\t\t<\/div>\n\t\t\t\t\t<\/div>\n\t\t<\/div>\n\t\t\t\t<div class=\"elementor-column elementor-col-50 elementor-top-column elementor-element elementor-element-40e1cb2\" data-id=\"40e1cb2\" data-element_type=\"column\" data-e-type=\"column\" data-settings=\"{&quot;background_background&quot;:&quot;classic&quot;,&quot;_ob_column_hoveranimator&quot;:&quot;no&quot;,&quot;_ob_column_has_pseudo&quot;:&quot;no&quot;}\">\n\t\t\t<div class=\"elementor-widget-wrap elementor-element-populated\">\n\t\t\t\t\t\t<div class=\"elementor-element elementor-element-cb20c02 ob-has-background-overlay elementor-widget elementor-widget-image\" data-id=\"cb20c02\" data-element_type=\"widget\" data-e-type=\"widget\" data-settings=\"{&quot;_ob_photomorph_use&quot;:&quot;no&quot;,&quot;_ob_widget_stalker_use&quot;:&quot;no&quot;,&quot;_ob_poopart_use&quot;:&quot;yes&quot;,&quot;_ob_shadough_use&quot;:&quot;no&quot;,&quot;_ob_allow_hoveranimator&quot;:&quot;no&quot;}\" data-widget_type=\"image.default\">\n\t\t\t\t<div class=\"elementor-widget-container\">\n\t\t\t\t\t\t\t\t\t\t\t\t\t\t\t\t<a href=\"https:\/\/eea-security.com\/wp-content\/uploads\/2022\/02\/Centrum-a-livelli-con-staffa-1-scaled.jpg\" data-elementor-open-lightbox=\"yes\" data-elementor-lightbox-title=\"Centrum a livelli con staffa\" data-e-action-hash=\"#elementor-action%3Aaction%3Dlightbox%26settings%3DeyJpZCI6IjEzMTY0IiwidXJsIjoiaHR0cHM6XC9cL2VlYS1zZWN1cml0eS5jb21cL3dwLWNvbnRlbnRcL3VwbG9hZHNcLzIwMjJcLzAyXC9DZW50cnVtLWEtbGl2ZWxsaS1jb24tc3RhZmZhLTEtc2NhbGVkLmpwZyJ9\">\n\t\t\t\t\t\t\t<img decoding=\"async\" width=\"513\" height=\"1024\" src=\"https:\/\/eea-security.com\/wp-content\/uploads\/2022\/02\/Centrum-a-livelli-con-staffa-1-513x1024.jpg\" class=\"attachment-large size-large wp-image-13164\" alt=\"\" srcset=\"https:\/\/eea-security.com\/wp-content\/uploads\/2022\/02\/Centrum-a-livelli-con-staffa-1-513x1024.jpg 513w, https:\/\/eea-security.com\/wp-content\/uploads\/2022\/02\/Centrum-a-livelli-con-staffa-1-150x300.jpg 150w, https:\/\/eea-security.com\/wp-content\/uploads\/2022\/02\/Centrum-a-livelli-con-staffa-1-768x1533.jpg 768w, https:\/\/eea-security.com\/wp-content\/uploads\/2022\/02\/Centrum-a-livelli-con-staffa-1-770x1536.jpg 770w, https:\/\/eea-security.com\/wp-content\/uploads\/2022\/02\/Centrum-a-livelli-con-staffa-1-scaled.jpg 1026w\" sizes=\"(max-width: 513px) 100vw, 513px\" \/>\t\t\t\t\t\t\t\t<\/a>\n\t\t\t\t\t\t\t\t\t\t\t\t\t\t\t<\/div>\n\t\t\t\t<\/div>\n\t\t\t\t<div class=\"elementor-element elementor-element-d851a2a ob-harakiri-inherit ob-has-background-overlay elementor-widget elementor-widget-text-editor\" data-id=\"d851a2a\" data-element_type=\"widget\" data-e-type=\"widget\" data-settings=\"{&quot;_ob_use_harakiri&quot;:&quot;yes&quot;,&quot;_ob_harakiri_writing_mode&quot;:&quot;inherit&quot;,&quot;_ob_postman_use&quot;:&quot;no&quot;,&quot;_ob_widget_stalker_use&quot;:&quot;no&quot;,&quot;_ob_poopart_use&quot;:&quot;yes&quot;,&quot;_ob_shadough_use&quot;:&quot;no&quot;,&quot;_ob_allow_hoveranimator&quot;:&quot;no&quot;}\" data-widget_type=\"text-editor.default\">\n\t\t\t\t<div class=\"elementor-widget-container\">\n\t\t\t\t\t\t\t\t\t<h2>CENTRUM<\/h2>\n<p>Les d\u00e9tecteurs de la gamme Centrum sont con\u00e7us pour une installation au centre de la fen\u00eatre afin de prot\u00e9ger les ouvertures.<\/p>\n\t\t\t\t\t\t\t\t<\/div>\n\t\t\t\t<\/div>\n\t\t\t\t<div class=\"elementor-element elementor-element-f49c3fc ob-has-background-overlay elementor-widget elementor-widget-bdt-dual-button\" data-id=\"f49c3fc\" data-element_type=\"widget\" data-e-type=\"widget\" data-settings=\"{&quot;_ob_widget_stalker_use&quot;:&quot;no&quot;,&quot;_ob_poopart_use&quot;:&quot;yes&quot;,&quot;_ob_shadough_use&quot;:&quot;no&quot;,&quot;_ob_allow_hoveranimator&quot;:&quot;no&quot;}\" data-widget_type=\"bdt-dual-button.default\">\n\t\t\t\t<div class=\"elementor-widget-container\">\n\t\t\t\t\t\t\t<div class=\"bdt-element-align-wrapper bdt-flex\">\n\t\t\t<div class=\"bdt-dual-button bdt-ep-button-wrapper bdt-element\">\n\t\t\t\t<a href=\"https:\/\/eea-security.com\/fr\/centrum\/\" class=\"bdt-btn-a bdt-ep-button bdt-effect-a bdt-ep-button-size-sm\">\n\t\t\t\t\t\t\t<div class=\"bdt-btn-content-wrap  \" data-text=\"Information\">\n\t\t\t\t\t\t<div class=\"bdt-btn-text\">Information<\/div>\n\t\t<\/div>\n\t\t\t\t\t\t<\/a>\n\n\t\t\t\t\n\t\t\t\t<a href=\"https:\/\/eea-security.com\/wp-content\/uploads\/2023\/10\/Depliant_Centrum-V20102023.pdf\" target=\"_blank\" class=\"bdt-btn-b bdt-ep-button bdt-effect-a bdt-ep-button-size-sm\">\n\t\t\t\t\t\t\t<div class=\"bdt-btn-content-wrap  \" data-text=\"BROCHURE\">\n\t\t\t\t\t\t<div class=\"bdt-btn-text\">BROCHURE<\/div>\n\t\t<\/div>\n\t\t\t\t\t\t<\/a>\n\t\t\t<\/div>\n\t\t<\/div>\n\t\t\t\t\t\t<\/div>\n\t\t\t\t<\/div>\n\t\t\t\t\t<\/div>\n\t\t<\/div>\n\t\t\t\t\t<\/div>\n\t\t<\/section>\n\t\t\t\t<section class=\"elementor-section elementor-top-section elementor-element elementor-element-d9762bb elementor-section-boxed elementor-section-height-default elementor-section-height-default\" data-id=\"d9762bb\" data-element_type=\"section\" data-e-type=\"section\" data-settings=\"{&quot;_ob_glider_is_slider&quot;:&quot;no&quot;}\">\n\t\t\t\t\t\t<div class=\"elementor-container elementor-column-gap-default\">\n\t\t\t\t\t<div class=\"elementor-column elementor-col-100 elementor-top-column elementor-element elementor-element-05b3481\" data-id=\"05b3481\" data-element_type=\"column\" data-e-type=\"column\" data-settings=\"{&quot;_ob_column_hoveranimator&quot;:&quot;no&quot;,&quot;_ob_column_has_pseudo&quot;:&quot;no&quot;}\">\n\t\t\t<div class=\"elementor-widget-wrap elementor-element-populated\">\n\t\t\t\t\t\t<div class=\"elementor-element elementor-element-85d19eb ob-has-background-overlay elementor-widget elementor-widget-spacer\" data-id=\"85d19eb\" data-element_type=\"widget\" data-e-type=\"widget\" data-settings=\"{&quot;_ob_spacerat_use&quot;:&quot;no&quot;,&quot;_ob_widget_stalker_use&quot;:&quot;no&quot;,&quot;_ob_poopart_use&quot;:&quot;yes&quot;,&quot;_ob_shadough_use&quot;:&quot;no&quot;,&quot;_ob_allow_hoveranimator&quot;:&quot;no&quot;}\" data-widget_type=\"spacer.default\">\n\t\t\t\t<div class=\"elementor-widget-container\">\n\t\t\t\t\t\t\t<div class=\"elementor-spacer\">\n\t\t\t<div class=\"elementor-spacer-inner\"><\/div>\n\t\t<\/div>\n\t\t\t\t\t\t<\/div>\n\t\t\t\t<\/div>\n\t\t\t\t\t<\/div>\n\t\t<\/div>\n\t\t\t\t\t<\/div>\n\t\t<\/section>\n\t\t\t\t<\/div>\n\t\t","protected":false},"excerpt":{"rendered":"<p>Sensori antifurto Produits de p\u00e9rim\u00e8tre \u00e0 faible absorption LAB VELVET LAB Il s&rsquo;agit d&rsquo;un d\u00e9tecteur con\u00e7u pour les environnements ext\u00e9rieurs prot\u00e9g\u00e9s, \u00e0 faible absorption pour les syst\u00e8mes sans fil. Information BROCHURE CENTRUM Les d\u00e9tecteurs de la gamme Centrum sont con\u00e7us pour une installation au centre de la fen\u00eatre afin de prot\u00e9ger les ouvertures. Information BROCHURE<\/p>\n","protected":false},"author":1,"featured_media":0,"parent":0,"menu_order":0,"comment_status":"closed","ping_status":"closed","template":"elementor_header_footer","meta":{"footnotes":""},"class_list":["post-13549","page","type-page","status-publish","hentry"],"_links":{"self":[{"href":"https:\/\/eea-security.com\/fr\/wp-json\/wp\/v2\/pages\/13549","targetHints":{"allow":["GET"]}}],"collection":[{"href":"https:\/\/eea-security.com\/fr\/wp-json\/wp\/v2\/pages"}],"about":[{"href":"https:\/\/eea-security.com\/fr\/wp-json\/wp\/v2\/types\/page"}],"author":[{"embeddable":true,"href":"https:\/\/eea-security.com\/fr\/wp-json\/wp\/v2\/users\/1"}],"replies":[{"embeddable":true,"href":"https:\/\/eea-security.com\/fr\/wp-json\/wp\/v2\/comments?post=13549"}],"version-history":[{"count":0,"href":"https:\/\/eea-security.com\/fr\/wp-json\/wp\/v2\/pages\/13549\/revisions"}],"wp:attachment":[{"href":"https:\/\/eea-security.com\/fr\/wp-json\/wp\/v2\/media?parent=13549"}],"curies":[{"name":"wp","href":"https:\/\/api.w.org\/{rel}","templated":true}]}}